{"id":1102,"date":"2010-02-02T23:10:51","date_gmt":"2010-02-02T21:10:51","guid":{"rendered":"http:\/\/www.mutfakbocugu.com\/?page_id=1102"},"modified":"2010-11-06T20:56:10","modified_gmt":"2010-11-06T20:56:10","slug":"kurabiyeler","status":"publish","type":"page","link":"http:\/\/www.mutfakbocugu.com\/?page_id=1102","title":{"rendered":"Kurabiyeler"},"content":{"rendered":"<p>\u00a0<\/p>\n<p style=\"text-align: center;\"><img loading=\"lazy\" decoding=\"async\" class=\"aligncenter\" src=\"http:\/\/www.mutfakbocugu.com\/wp-content\/uploads\/2010\/02\/STP64227.JPG\" alt=\"\" width=\"298\" height=\"278\" \/><\/p>\n<p style=\"text-align: center;\">Uzun\u00a0zamand\u0131r bu \u015feker hamurlu kurabiyeler ve pastalarla ha\u015f\u0131r ne\u015firim. Eee art\u0131k bunlar\u0131 g\u00f6r\u00fcc\u00fcye \u00e7\u0131karmak laz\u0131m gelir diye d\u00fc\u015f\u00fcnd\u00fcm ve huzurlar\u0131n\u0131za sundum.\u00a0 Bu i\u015ften \u00e7ok para kazan\u0131p zengin olmay\u0131 palanl\u0131yorum:) Umar\u0131m bana yard\u0131mc\u0131 olursunuz:=)<\/p>\n<p style=\"text-align: center;\">Yapt\u0131\u011f\u0131m \u00fcr\u00fcnleri grup grup size sunaca\u011f\u0131m. Elimde epeyce malzeme var. \u0130lk olarak a\u015fkkk temal\u0131 kurabiyelerim. Kendilerini yaparken \u00e7ok b\u00fcy\u00fck keyif ald\u0131m ve itiraf ediyorum en \u00e7ok beyaz \u00fczerine \u00e7al\u0131\u015fmay\u0131 seviyorum.<br \/>\n<img loading=\"lazy\" decoding=\"async\" class=\"alignnone\" src=\"http:\/\/www.mutfakbocugu.com\/wp-content\/uploads\/2010\/02\/STP64236.JPG\" alt=\"\" width=\"181\" height=\"168\" \/>\u00a0\u00a0\u00a0\u00a0 <img loading=\"lazy\" decoding=\"async\" class=\"alignnone\" src=\"http:\/\/www.mutfakbocugu.com\/wp-content\/uploads\/2010\/02\/STP64237.JPG\" alt=\"\" width=\"191\" height=\"149\" \/><br \/>\n<img loading=\"lazy\" decoding=\"async\" class=\"alignnone\" src=\"http:\/\/www.mutfakbocugu.com\/wp-content\/uploads\/2010\/02\/STP64243.JPG\" alt=\"\" width=\"188\" height=\"161\" \/>\u00a0\u00a0\u00a0\u00a0 <img loading=\"lazy\" decoding=\"async\" class=\"alignnone\" src=\"http:\/\/www.mutfakbocugu.com\/wp-content\/uploads\/2010\/02\/STP64242.JPG\" alt=\"\" width=\"183\" height=\"152\" \/><br \/>\n<img loading=\"lazy\" decoding=\"async\" class=\"alignnone\" src=\"http:\/\/www.mutfakbocugu.com\/wp-content\/uploads\/2010\/02\/STP64244.JPG\" alt=\"\" width=\"177\" height=\"152\" \/>\u00a0\u00a0\u00a0\u00a0 <img loading=\"lazy\" decoding=\"async\" src=\"http:\/\/www.mutfakbocugu.com\/wp-content\/uploads\/2010\/02\/STP64246.JPG\" alt=\"\" width=\"187\" height=\"180\" \/><\/p>\n<p style=\"text-align: center;\">Sipari\u015f olay\u0131na gelince bana mail adresimden ula\u015fabilirsiniz.<\/p>\n<p style=\"text-align: center;\"><img loading=\"lazy\" decoding=\"async\" class=\"aligncenter\" src=\"http:\/\/www.mutfakbocugu.com\/wp-content\/uploads\/2010\/02\/STP64196.JPG\" alt=\"\" width=\"418\" height=\"303\" \/><\/p>\n<p>Kar\u0131\u015f\u0131k kurabiye taba\u011f\u0131.\u00a0 E\u015finize, sevgilinize ya da a\u015f\u0131k oldu\u011funuz ki\u015fiye g\u00f6nderebilece\u011finiz en tatl\u0131 hediye. D\u00fc\u015f\u00fcnsenize;<\/p>\n<p style=\"text-align: center;\">K\u0131pk\u0131rm\u0131z\u0131 bir kutu i\u00e7erisinde sizin ona a\u015fk\u0131n\u0131z\u0131 anlatan kurabiyeler ve k\u00fc\u00e7\u00fck bir not SEN\u0130 SEV\u0130YORUM&#8230;<\/p>\n<p style=\"text-align: center;\"><img loading=\"lazy\" decoding=\"async\" class=\"aligncenter\" src=\"http:\/\/www.mutfakbocugu.com\/wp-content\/uploads\/2010\/02\/STP64232.JPG\" alt=\"\" width=\"344\" height=\"347\" \/><\/p>\n<p style=\"text-align: center;\"><img loading=\"lazy\" decoding=\"async\" class=\"alignnone\" src=\"http:\/\/www.mutfakbocugu.com\/wp-content\/uploads\/2010\/02\/STP64234.JPG\" alt=\"\" width=\"360\" height=\"335\" \/><\/p>\n<p style=\"text-align: center;\"><img loading=\"lazy\" decoding=\"async\" class=\"alignnone\" src=\"http:\/\/www.mutfakbocugu.com\/wp-content\/uploads\/2010\/02\/STP64231.JPG\" alt=\"\" width=\"349\" height=\"334\" \/><\/p>\n<p style=\"text-align: center;\"><img loading=\"lazy\" decoding=\"async\" class=\"alignnone\" src=\"http:\/\/www.mutfakbocugu.com\/wp-content\/uploads\/2010\/02\/STP64235.JPG\" alt=\"\" width=\"358\" height=\"328\" \/><\/p>\n<p style=\"text-align: center;\"><img loading=\"lazy\" decoding=\"async\" class=\"alignnone\" src=\"http:\/\/www.mutfakbocugu.com\/wp-content\/uploads\/2010\/02\/STP64193.JPG\" alt=\"\" width=\"339\" height=\"263\" \/><\/p>\n<p style=\"text-align: center;\"><img loading=\"lazy\" decoding=\"async\" class=\"alignnone\" src=\"http:\/\/www.mutfakbocugu.com\/wp-content\/uploads\/2010\/02\/STP64178.JPG\" alt=\"\" width=\"342\" height=\"258\" \/><\/p>\n<p style=\"text-align: center;\"><img loading=\"lazy\" decoding=\"async\" class=\"alignnone\" src=\"http:\/\/www.mutfakbocugu.com\/wp-content\/uploads\/2010\/02\/STP64138.JPG\" alt=\"\" width=\"340\" height=\"265\" \/><\/p>\n<p style=\"text-align: center;\"><img loading=\"lazy\" decoding=\"async\" class=\"alignnone\" src=\"http:\/\/www.mutfakbocugu.com\/wp-content\/uploads\/2010\/02\/STP64150.JPG\" alt=\"\" width=\"341\" height=\"247\" \/><\/p>\n<p style=\"text-align: center;\"><img loading=\"lazy\" decoding=\"async\" class=\"alignnone\" src=\"http:\/\/www.mutfakbocugu.com\/wp-content\/uploads\/2010\/02\/STP64165.JPG\" alt=\"\" width=\"345\" height=\"255\" \/><\/p>\n<p style=\"text-align: center;\"><img loading=\"lazy\" decoding=\"async\" class=\"alignnone\" src=\"http:\/\/www.mutfakbocugu.com\/wp-content\/uploads\/2010\/02\/STP64167.JPG\" alt=\"\" width=\"358\" height=\"233\" \/><\/p>\n<p style=\"text-align: center;\"><img loading=\"lazy\" decoding=\"async\" class=\"alignnone\" src=\"http:\/\/www.mutfakbocugu.com\/wp-content\/uploads\/2010\/02\/STP64124.JPG\" alt=\"\" width=\"207\" height=\"183\" \/><\/p>\n<p style=\"text-align: center;\"><img loading=\"lazy\" decoding=\"async\" class=\"alignnone\" src=\"http:\/\/www.mutfakbocugu.com\/wp-content\/uploads\/2010\/02\/STP64125.JPG\" alt=\"\" width=\"205\" height=\"176\" \/>\u00a0\u00a0\u00a0\u00a0 <img loading=\"lazy\" decoding=\"async\" class=\"alignnone\" src=\"http:\/\/www.mutfakbocugu.com\/wp-content\/uploads\/2010\/02\/STP64127.JPG\" alt=\"\" width=\"200\" height=\"175\" \/><\/p>\n<p style=\"text-align: center;\"><img loading=\"lazy\" decoding=\"async\" class=\"alignnone\" src=\"http:\/\/www.mutfakbocugu.com\/wp-content\/uploads\/2010\/02\/STP64147.JPG\" alt=\"\" width=\"209\" height=\"168\" \/>\u00a0\u00a0\u00a0\u00a0 <img loading=\"lazy\" decoding=\"async\" class=\"alignnone\" src=\"http:\/\/www.mutfakbocugu.com\/wp-content\/uploads\/2010\/02\/STP64148.JPG\" alt=\"\" width=\"208\" height=\"166\" \/><\/p>\n<p style=\"text-align: center;\"><img loading=\"lazy\" decoding=\"async\" class=\"alignnone\" src=\"http:\/\/www.mutfakbocugu.com\/wp-content\/uploads\/2010\/02\/STP64149.JPG\" alt=\"\" width=\"215\" height=\"184\" \/>\u00a0\u00a0\u00a0\u00a0 <img loading=\"lazy\" decoding=\"async\" class=\"alignnone\" src=\"http:\/\/www.mutfakbocugu.com\/wp-content\/uploads\/2010\/02\/STP64151.JPG\" alt=\"\" width=\"203\" height=\"178\" \/><\/p>\n<p>\u00a0<\/p>\n<p><strong>\u0130LK DO\u011eUM G\u00dcN\u00dc ORGAN\u0130ZASYONUM+\u00c7OK MUTLUYUM<\/strong><\/p>\n<p><img loading=\"lazy\" decoding=\"async\" src=\"http:\/\/www.mutfakbocugu.com\/wp-content\/uploads\/2010\/07\/aysepasta1.jpg\" alt=\"\" width=\"530\" height=\"629\" \/><\/p>\n<p>Ta ta ta taaaam! \u0130\u015fte ilk do\u011fum g\u00fcn\u00fc organizasyonum. \u00c7ok mutluyum \u00e7\u00fcnk\u00fc her\u015fey yolunda gitti ve hiii\u00e7 problem ya\u015famad\u0131m. Nisan pastas\u0131na bay\u0131ld\u0131. K\u00fc\u00e7\u00fck Han\u0131m&#8217;\u0131n iste\u011fi do\u011frultusunda 4 tane Disney Prensesi pastan\u0131n \u00fczerine ve\u00a0 kenar\u0131na yerle\u015fti. Nisan, prenseslerin \u00e7ok ama \u00e7ok s\u00fcsl\u00fc olmas\u0131n\u0131 ve kesinlikle makyajl\u0131 olmalar\u0131n\u0131 istedi. Ben de elimden geldi\u011fince onun isteklerini yerine getirdim. Son\u00e7ta\u00a0 \u00e7ocuklar\u0131n pastay\u0131 g\u00f6rd\u00fckleri anda verdikleri tepkiyi g\u00f6rmenizi \u00e7ok isterdim. Hepsi\u00a0etraf\u0131na gelip fig\u00fcrleri ellemek istedi=)\u00a0Ma\u015fallah hepsi birbirinden \u015feker.<\/p>\n<p>Kre\u015fin s\u00fcslemesi de dahil ilk i\u015fimin i\u00e7inden aln\u0131m\u0131n ak\u0131yla \u00e7\u0131kt\u0131m. Malesef s\u00fcslemenin foto\u011fraflar\u0131 yok. Ama bu s\u00fcslemeye partinin yap\u0131laca\u011f\u0131 salonun s\u00fcslenmesi, taba\u011f\u0131, barda\u011f\u0131, \u00e7atal\u0131, masa \u00f6rt\u00fcs\u00fcne kadar her\u015fey dahil. Masa \u00f6rt\u00fcs\u00fcnden tutun da barda\u011f\u0131ndan \u00e7atal\u0131na kadar her\u015feyiyle bizzat ben ilgileniyorum.<\/p>\n<p><img loading=\"lazy\" decoding=\"async\" src=\"http:\/\/www.mutfakbocugu.com\/wp-content\/uploads\/2010\/07\/aysepasta2.JPG\" alt=\"\" width=\"530\" height=\"409\" \/><\/p>\n<p>Bol bol foto\u011fraf \u00e7ektim ama pek becerememi\u015fim. Resimler \u00e7ok net olmad\u0131=(<\/p>\n<p><img loading=\"lazy\" decoding=\"async\" src=\"http:\/\/www.mutfakbocugu.com\/wp-content\/uploads\/2010\/07\/aysepasta3.JPG\" alt=\"\" width=\"530\" height=\"398\" \/><\/p>\n<p>Fig\u00fcrleri \u00e7al\u0131\u015f\u0131rken \u00e7ok e\u011flendim.\u00a0Sabaha kadar \u00e7al\u0131\u015ft\u0131m ama sonucun de\u011fdi\u011fine inan\u0131yorum. Malumunuz minik bir o\u011flum var ve onunla \u00e7al\u0131\u015fmak iki kat daha zor ve yorucu.<\/p>\n<p><img loading=\"lazy\" decoding=\"async\" src=\"http:\/\/www.mutfakbocugu.com\/wp-content\/uploads\/2010\/07\/aysepasta4.JPG\" alt=\"\" width=\"530\" height=\"398\" \/><\/p>\n<p>Pastan\u0131n i\u00e7eri\u011fi portakall\u0131, \u00e7ikolatal\u0131 pandispanya ve \u00e7ikolatal\u0131 pastac\u0131 kremas\u0131ndan olu\u015ftu. Cupcakeler i\u00e7in yeni bir tarif denedim ve \u00e7ok memnun kald\u0131m. Browni gibi \u0131slak \u0131slak=) Tarifin asl\u0131 <a href=\"http:\/\/yemekbahane.blogspot.com\/2009\/11\/kakaolu-cupcake-seker-hamuru-suslemeli.html\" target=\"_blank\">yemekbahane<\/a>\u00a0sitesinden al\u0131nt\u0131d\u0131r.<\/p>\n<p>\u00a0<img loading=\"lazy\" decoding=\"async\" src=\"http:\/\/www.mutfakbocugu.com\/wp-content\/uploads\/2010\/07\/aysecupcake1.JPG\" alt=\"\" width=\"530\" height=\"398\" \/><\/p>\n<p>Ve bunlar da cupcakeler. Ar\u0131 ve u\u011fur b\u00f6ce\u011fi temal\u0131. Minikler bu fig\u00fcrlere bay\u0131l\u0131yor.<\/p>\n<p><img loading=\"lazy\" decoding=\"async\" src=\"http:\/\/www.mutfakbocugu.com\/wp-content\/uploads\/2010\/07\/aysecupcake2.jpg\" alt=\"\" width=\"530\" height=\"510\" \/><\/p>\n<p>Cupcakelerimi de \u00f6zenle paketleyip, \u015feritlerle s\u00fcsledim.<\/p>\n<p><img loading=\"lazy\" decoding=\"async\" src=\"http:\/\/www.mutfakbocugu.com\/wp-content\/uploads\/2010\/07\/aysekurabiye.JPG\" alt=\"\" width=\"530\" height=\"536\" \/><\/p>\n<p>Son olarak da kurabiyeler. Eee nerde dedi\u011finizi duyabiliyorum. Ama malesef onlar\u0131n foto\u011fraf\u0131n\u0131 \u00e7ekmeyi unuttum. Sepete koyup yola\u00a0 \u00e7\u0131kmaya haz\u0131rlan\u0131rken akl\u0131ma geldi ve ancak paketli halini \u00e7ekebildim.<\/p>\n<p>Kurabiyeler de pastayla uyumlu olarak prenses k\u0131yafeti olarak yap\u0131ld\u0131. Onlar da \u00f6zenle ayr\u0131 ayr\u0131 paketlendi ve hep beraber kre\u015fe do\u011fru yol ald\u0131.<\/p>\n<p style=\"text-align: center;\">\u00a0<\/p>\n","protected":false},"excerpt":{"rendered":"<p>\u00a0 Uzun\u00a0zamand\u0131r bu \u015feker hamurlu kurabiyeler ve pastalarla ha\u015f\u0131r ne\u015firim. Eee art\u0131k bunlar\u0131 g\u00f6r\u00fcc\u00fcye \u00e7\u0131karmak laz\u0131m gelir diye d\u00fc\u015f\u00fcnd\u00fcm ve huzurlar\u0131n\u0131za sundum.\u00a0 Bu i\u015ften \u00e7ok para kazan\u0131p zengin olmay\u0131 palanl\u0131yorum:) Umar\u0131m bana yard\u0131mc\u0131 olursunuz:=) Yapt\u0131\u011f\u0131m \u00fcr\u00fcnleri grup grup size sunaca\u011f\u0131m. Elimde epeyce malzeme var. \u0130lk olarak a\u015fkkk temal\u0131 kurabiyelerim. Kendilerini yaparken \u00e7ok b\u00fcy\u00fck keyif ald\u0131m [&hellip;]<\/p>\n","protected":false},"author":1,"featured_media":0,"parent":0,"menu_order":0,"comment_status":"open","ping_status":"open","template":"","meta":{"footnotes":""},"class_list":["post-1102","page","type-page","status-publish","hentry"],"_links":{"self":[{"href":"http:\/\/www.mutfakbocugu.com\/index.php?rest_route=\/wp\/v2\/pages\/1102","targetHints":{"allow":["GET"]}}],"collection":[{"href":"http:\/\/www.mutfakbocugu.com\/index.php?rest_route=\/wp\/v2\/pages"}],"about":[{"href":"http:\/\/www.mutfakbocugu.com\/index.php?rest_route=\/wp\/v2\/types\/page"}],"author":[{"embeddable":true,"href":"http:\/\/www.mutfakbocugu.com\/index.php?rest_route=\/wp\/v2\/users\/1"}],"replies":[{"embeddable":true,"href":"http:\/\/www.mutfakbocugu.com\/index.php?rest_route=%2Fwp%2Fv2%2Fcomments&post=1102"}],"version-history":[{"count":5,"href":"http:\/\/www.mutfakbocugu.com\/index.php?rest_route=\/wp\/v2\/pages\/1102\/revisions"}],"predecessor-version":[{"id":1103,"href":"http:\/\/www.mutfakbocugu.com\/index.php?rest_route=\/wp\/v2\/pages\/1102\/revisions\/1103"}],"wp:attachment":[{"href":"http:\/\/www.mutfakbocugu.com\/index.php?rest_route=%2Fwp%2Fv2%2Fmedia&parent=1102"}],"curies":[{"name":"wp","href":"https:\/\/api.w.org\/{rel}","templated":true}]}}