{"id":1139,"date":"2010-02-17T01:10:23","date_gmt":"2010-02-16T23:10:23","guid":{"rendered":"http:\/\/www.mutfakbocugu.com\/?page_id=1139"},"modified":"2010-11-06T19:56:39","modified_gmt":"2010-11-06T19:56:39","slug":"siparis","status":"publish","type":"page","link":"http:\/\/www.mutfakbocugu.com\/?page_id=1139","title":{"rendered":"S\u0130PAR\u0130\u015e"},"content":{"rendered":"<p><strong>Pasta sipari\u015fleri \u0130stanbul i\u00e7ine kabul edilmektedir.<\/strong><\/p>\n<p><strong>Minumum 15 adet kurabiye sipari\u015fi al\u0131nmaktad\u0131r.<\/strong><\/p>\n<address><strong>\u00a0<\/strong><strong>*Minumum 12 adet cupcake sipari\u015fi al\u0131nmaktad\u0131r. <\/strong><\/address>\n<p><strong>*Pastan\u0131n i\u00e7eri\u011fini istedi\u011finiz \u015fekilde haz\u0131rlatabilirsiniz.\u00a0 <\/strong><\/p>\n<p><strong>Sade pastac\u0131 kremas\u0131, \u00e7ikolatal\u0131 pastac\u0131 kremas\u0131, limonlu, portakall\u0131,\u00a0vs&#8230;<\/strong><\/p>\n<p><strong>*Se\u00e7ti\u011finiz krema, \u00e7ikolata, f\u0131nd\u0131k, badem, f\u0131st\u0131k. f\u0131nd\u0131k krokan, f\u0131st\u0131k krokan, vi\u015fne, b\u00f6\u011f\u00fcrtlen, muz, vs iste\u011finize g\u00f6re haz\u0131rlanmaktad\u0131r.<\/strong><\/p>\n<p><strong>*Kurabiyeler kakaolu, sade, zencefilli tar\u00e7\u0131nl\u0131, limon aromal\u0131, portakall\u0131 olarak haz\u0131rlanmaktad\u0131r.<\/strong><\/p>\n<p><strong>Sipari\u015fler 1 hafta \u00f6ncesinden verilmelidir!<\/strong><\/p>\n<p><strong>Daha detayl\u0131 bilgi almak i\u00e7in\u00a0<\/strong><strong><a href=\"mailto:bilgi@mutfakbocugu.com\">bilgi@mutfakbocugu.com<\/a> &#8216;dan bana ula\u015fabilirsiniz.<\/strong><\/p>\n<p><strong>Fiyat bilgisi i\u00e7in benimle yukar\u0131daki telefondan ve mail adresimden irtibata ge\u00e7ebilirsiniz.<\/strong><\/p>\n","protected":false},"excerpt":{"rendered":"<p>Pasta sipari\u015fleri \u0130stanbul i\u00e7ine kabul edilmektedir. Minumum 15 adet kurabiye sipari\u015fi al\u0131nmaktad\u0131r. \u00a0*Minumum 12 adet cupcake sipari\u015fi al\u0131nmaktad\u0131r. *Pastan\u0131n i\u00e7eri\u011fini istedi\u011finiz \u015fekilde haz\u0131rlatabilirsiniz.\u00a0 Sade pastac\u0131 kremas\u0131, \u00e7ikolatal\u0131 pastac\u0131 kremas\u0131, limonlu, portakall\u0131,\u00a0vs&#8230; *Se\u00e7ti\u011finiz krema, \u00e7ikolata, f\u0131nd\u0131k, badem, f\u0131st\u0131k. f\u0131nd\u0131k krokan, f\u0131st\u0131k krokan, vi\u015fne, b\u00f6\u011f\u00fcrtlen, muz, vs iste\u011finize g\u00f6re haz\u0131rlanmaktad\u0131r. *Kurabiyeler kakaolu, sade, zencefilli tar\u00e7\u0131nl\u0131, limon aromal\u0131, [&hellip;]<\/p>\n","protected":false},"author":1,"featured_media":0,"parent":0,"menu_order":0,"comment_status":"open","ping_status":"open","template":"","meta":{"footnotes":""},"class_list":["post-1139","page","type-page","status-publish","hentry"],"_links":{"self":[{"href":"http:\/\/www.mutfakbocugu.com\/index.php?rest_route=\/wp\/v2\/pages\/1139","targetHints":{"allow":["GET"]}}],"collection":[{"href":"http:\/\/www.mutfakbocugu.com\/index.php?rest_route=\/wp\/v2\/pages"}],"about":[{"href":"http:\/\/www.mutfakbocugu.com\/index.php?rest_route=\/wp\/v2\/types\/page"}],"author":[{"embeddable":true,"href":"http:\/\/www.mutfakbocugu.com\/index.php?rest_route=\/wp\/v2\/users\/1"}],"replies":[{"embeddable":true,"href":"http:\/\/www.mutfakbocugu.com\/index.php?rest_route=%2Fwp%2Fv2%2Fcomments&post=1139"}],"version-history":[{"count":5,"href":"http:\/\/www.mutfakbocugu.com\/index.php?rest_route=\/wp\/v2\/pages\/1139\/revisions"}],"predecessor-version":[{"id":1151,"href":"http:\/\/www.mutfakbocugu.com\/index.php?rest_route=\/wp\/v2\/pages\/1139\/revisions\/1151"}],"wp:attachment":[{"href":"http:\/\/www.mutfakbocugu.com\/index.php?rest_route=%2Fwp%2Fv2%2Fmedia&parent=1139"}],"curies":[{"name":"wp","href":"https:\/\/api.w.org\/{rel}","templated":true}]}}