{"id":1254,"date":"2010-07-01T16:32:58","date_gmt":"2010-07-01T14:32:58","guid":{"rendered":"http:\/\/www.mutfakbocugu.com\/?page_id=1254"},"modified":"2010-07-01T16:32:58","modified_gmt":"2010-07-01T14:32:58","slug":"cupcake","status":"publish","type":"page","link":"http:\/\/www.mutfakbocugu.com\/?page_id=1254","title":{"rendered":"Cupcake"},"content":{"rendered":"<p>\u00a0<\/p>\n<p><strong>\u0130LK DO\u011eUM G\u00dcN\u00dc ORGAN\u0130ZASYONUM+\u00c7OK MUTLUYUM<\/strong><\/p>\n<p><img loading=\"lazy\" decoding=\"async\" src=\"http:\/\/www.mutfakbocugu.com\/wp-content\/uploads\/2010\/07\/aysepasta1.jpg\" alt=\"\" width=\"530\" height=\"629\" \/><\/p>\n<p>Ta ta ta taaaam! \u0130\u015fte ilk do\u011fum g\u00fcn\u00fc organizasyonum. \u00c7ok mutluyum \u00e7\u00fcnk\u00fc her\u015fey yolunda gitti ve hiii\u00e7 problem ya\u015famad\u0131m. Nisan pastas\u0131na bay\u0131ld\u0131. K\u00fc\u00e7\u00fck Han\u0131m&#8217;\u0131n iste\u011fi do\u011frultusunda 4 tane Disney Prensesi pastan\u0131n \u00fczerine ve\u00a0 kenar\u0131na yerle\u015fti. Nisan, prenseslerin \u00e7ok ama \u00e7ok s\u00fcsl\u00fc olmas\u0131n\u0131 ve kesinlikle makyajl\u0131 olmalar\u0131n\u0131 istedi. Ben de elimden geldi\u011fince onun isteklerini yerine getirdim. Son\u00e7ta\u00a0 \u00e7ocuklar\u0131n pastay\u0131 g\u00f6rd\u00fckleri anda verdikleri tepkiyi g\u00f6rmenizi \u00e7ok isterdim. Hepsi\u00a0etraf\u0131na gelip fig\u00fcrleri ellemek istedi=)\u00a0Ma\u015fallah hepsi birbirinden \u015feker.<\/p>\n<p>Kre\u015fin s\u00fcslemesi de dahil ilk i\u015fimin i\u00e7inden aln\u0131m\u0131n ak\u0131yla \u00e7\u0131kt\u0131m. Malesef s\u00fcslemenin foto\u011fraflar\u0131 yok. Ama bu s\u00fcslemeye partinin yap\u0131laca\u011f\u0131 salonun s\u00fcslenmesi, taba\u011f\u0131, barda\u011f\u0131, \u00e7atal\u0131, masa \u00f6rt\u00fcs\u00fcne kadar her\u015fey dahil. Masa \u00f6rt\u00fcs\u00fcnden tutun da barda\u011f\u0131ndan \u00e7atal\u0131na kadar her\u015feyiyle bizzat ben ilgileniyorum.<\/p>\n<p><img loading=\"lazy\" decoding=\"async\" src=\"http:\/\/www.mutfakbocugu.com\/wp-content\/uploads\/2010\/07\/aysepasta2.JPG\" alt=\"\" width=\"530\" height=\"409\" \/><\/p>\n<p>Bol bol foto\u011fraf \u00e7ektim ama pek becerememi\u015fim. Resimler \u00e7ok net olmad\u0131=(<\/p>\n<p><img loading=\"lazy\" decoding=\"async\" src=\"http:\/\/www.mutfakbocugu.com\/wp-content\/uploads\/2010\/07\/aysepasta3.JPG\" alt=\"\" width=\"530\" height=\"398\" \/><\/p>\n<p>Fig\u00fcrleri \u00e7al\u0131\u015f\u0131rken \u00e7ok e\u011flendim.\u00a0Sabaha kadar \u00e7al\u0131\u015ft\u0131m ama sonucun de\u011fdi\u011fine inan\u0131yorum. Malumunuz minik bir o\u011flum var ve onunla \u00e7al\u0131\u015fmak iki kat daha zor ve yorucu.<\/p>\n<p><img loading=\"lazy\" decoding=\"async\" src=\"http:\/\/www.mutfakbocugu.com\/wp-content\/uploads\/2010\/07\/aysepasta4.JPG\" alt=\"\" width=\"530\" height=\"398\" \/><\/p>\n<p>Pastan\u0131n i\u00e7eri\u011fi portakall\u0131, \u00e7ikolatal\u0131 pandispanya ve \u00e7ikolatal\u0131 pastac\u0131 kremas\u0131ndan olu\u015ftu. Cupcakeler i\u00e7in yeni bir tarif denedim ve \u00e7ok memnun kald\u0131m. Browni gibi \u0131slak \u0131slak=) Tarifin asl\u0131 <a href=\"http:\/\/yemekbahane.blogspot.com\/2009\/11\/kakaolu-cupcake-seker-hamuru-suslemeli.html\" target=\"_blank\">yemekbahane<\/a>\u00a0sitesinden al\u0131nt\u0131d\u0131r.<\/p>\n<p>\u00a0<img loading=\"lazy\" decoding=\"async\" src=\"http:\/\/www.mutfakbocugu.com\/wp-content\/uploads\/2010\/07\/aysecupcake1.JPG\" alt=\"\" width=\"530\" height=\"398\" \/><\/p>\n<p>Ve bunlar da cupcakeler. Ar\u0131 ve u\u011fur b\u00f6ce\u011fi temal\u0131. Minikler bu fig\u00fcrlere bay\u0131l\u0131yor.<\/p>\n<p><img loading=\"lazy\" decoding=\"async\" src=\"http:\/\/www.mutfakbocugu.com\/wp-content\/uploads\/2010\/07\/aysecupcake2.jpg\" alt=\"\" width=\"530\" height=\"510\" \/><\/p>\n<p>Cupcakelerimi de \u00f6zenle paketleyip, \u015feritlerle s\u00fcsledim.<\/p>\n<p><img loading=\"lazy\" decoding=\"async\" src=\"http:\/\/www.mutfakbocugu.com\/wp-content\/uploads\/2010\/07\/aysekurabiye.JPG\" alt=\"\" width=\"530\" height=\"536\" \/><\/p>\n<p>Son olarak da kurabiyeler. Eee nerde dedi\u011finizi duyabiliyorum. Ama malesef onlar\u0131n foto\u011fraf\u0131n\u0131 \u00e7ekmeyi unuttum. Sepete koyup yola\u00a0 \u00e7\u0131kmaya haz\u0131rlan\u0131rken akl\u0131ma geldi ve ancak paketli halini \u00e7ekebildim.<\/p>\n","protected":false},"excerpt":{"rendered":"<p>\u00a0 \u0130LK DO\u011eUM G\u00dcN\u00dc ORGAN\u0130ZASYONUM+\u00c7OK MUTLUYUM Ta ta ta taaaam! \u0130\u015fte ilk do\u011fum g\u00fcn\u00fc organizasyonum. \u00c7ok mutluyum \u00e7\u00fcnk\u00fc her\u015fey yolunda gitti ve hiii\u00e7 problem ya\u015famad\u0131m. Nisan pastas\u0131na bay\u0131ld\u0131. K\u00fc\u00e7\u00fck Han\u0131m&#8217;\u0131n iste\u011fi do\u011frultusunda 4 tane Disney Prensesi pastan\u0131n \u00fczerine ve\u00a0 kenar\u0131na yerle\u015fti. Nisan, prenseslerin \u00e7ok ama \u00e7ok s\u00fcsl\u00fc olmas\u0131n\u0131 ve kesinlikle makyajl\u0131 olmalar\u0131n\u0131 istedi. Ben de [&hellip;]<\/p>\n","protected":false},"author":1,"featured_media":0,"parent":0,"menu_order":0,"comment_status":"open","ping_status":"open","template":"","meta":{"footnotes":""},"class_list":["post-1254","page","type-page","status-publish","hentry"],"_links":{"self":[{"href":"http:\/\/www.mutfakbocugu.com\/index.php?rest_route=\/wp\/v2\/pages\/1254","targetHints":{"allow":["GET"]}}],"collection":[{"href":"http:\/\/www.mutfakbocugu.com\/index.php?rest_route=\/wp\/v2\/pages"}],"about":[{"href":"http:\/\/www.mutfakbocugu.com\/index.php?rest_route=\/wp\/v2\/types\/page"}],"author":[{"embeddable":true,"href":"http:\/\/www.mutfakbocugu.com\/index.php?rest_route=\/wp\/v2\/users\/1"}],"replies":[{"embeddable":true,"href":"http:\/\/www.mutfakbocugu.com\/index.php?rest_route=%2Fwp%2Fv2%2Fcomments&post=1254"}],"version-history":[{"count":1,"href":"http:\/\/www.mutfakbocugu.com\/index.php?rest_route=\/wp\/v2\/pages\/1254\/revisions"}],"predecessor-version":[{"id":1255,"href":"http:\/\/www.mutfakbocugu.com\/index.php?rest_route=\/wp\/v2\/pages\/1254\/revisions\/1255"}],"wp:attachment":[{"href":"http:\/\/www.mutfakbocugu.com\/index.php?rest_route=%2Fwp%2Fv2%2Fmedia&parent=1254"}],"curies":[{"name":"wp","href":"https:\/\/api.w.org\/{rel}","templated":true}]}}