{"id":2,"date":"2008-10-31T15:13:36","date_gmt":"2008-10-31T19:13:36","guid":{"rendered":"http:\/\/www.mutfakbocugu.com\/?page_id=2"},"modified":"2008-11-03T15:46:31","modified_gmt":"2008-11-03T19:46:31","slug":"hakkinda","status":"publish","type":"page","link":"http:\/\/www.mutfakbocugu.com\/?page_id=2","title":{"rendered":"Hakk\u0131nda"},"content":{"rendered":"<p>Gel ey can can\u0131n\u0131 terk eyle ki,<\/p>\n<p>Senden do\u011fan canan olsun&#8230;<\/p>\n","protected":false},"excerpt":{"rendered":"<p>Gel ey can can\u0131n\u0131 terk eyle ki, Senden do\u011fan canan olsun&#8230;<\/p>\n","protected":false},"author":1,"featured_media":0,"parent":0,"menu_order":0,"comment_status":"open","ping_status":"open","template":"","meta":{"footnotes":""},"class_list":["post-2","page","type-page","status-publish","hentry"],"_links":{"self":[{"href":"http:\/\/www.mutfakbocugu.com\/index.php?rest_route=\/wp\/v2\/pages\/2","targetHints":{"allow":["GET"]}}],"collection":[{"href":"http:\/\/www.mutfakbocugu.com\/index.php?rest_route=\/wp\/v2\/pages"}],"about":[{"href":"http:\/\/www.mutfakbocugu.com\/index.php?rest_route=\/wp\/v2\/types\/page"}],"author":[{"embeddable":true,"href":"http:\/\/www.mutfakbocugu.com\/index.php?rest_route=\/wp\/v2\/users\/1"}],"replies":[{"embeddable":true,"href":"http:\/\/www.mutfakbocugu.com\/index.php?rest_route=%2Fwp%2Fv2%2Fcomments&post=2"}],"version-history":[{"count":2,"href":"http:\/\/www.mutfakbocugu.com\/index.php?rest_route=\/wp\/v2\/pages\/2\/revisions"}],"predecessor-version":[{"id":48,"href":"http:\/\/www.mutfakbocugu.com\/index.php?rest_route=\/wp\/v2\/pages\/2\/revisions\/48"}],"wp:attachment":[{"href":"http:\/\/www.mutfakbocugu.com\/index.php?rest_route=%2Fwp%2Fv2%2Fmedia&parent=2"}],"curies":[{"name":"wp","href":"https:\/\/api.w.org\/{rel}","templated":true}]}}